{"id":244,"date":"2021-08-10T20:30:37","date_gmt":"2021-08-10T18:30:37","guid":{"rendered":"https:\/\/adntro.com\/?page_id=244"},"modified":"2022-08-03T20:05:31","modified_gmt":"2022-08-03T18:05:31","slug":"aviso-legal","status":"publish","type":"page","link":"https:\/\/adntro.com\/es\/aviso-legal\/","title":{"rendered":"Aviso Legal"},"content":{"rendered":"\n<h3 class=\"wp-block-heading\">Qui\u00e9nes somos<\/h3>\n\n\n\n<p>Usted est\u00e1 accediendo al sitio web <a href=\"http:\/\/adntro.com\/\">http:\/\/adntro.com\/<\/a> \u00a0(en adelante en \u201cSitio\u201d)\u00a0y la plataforma web <a href=\"https:\/\/app.adntro.com\/\">https:\/\/app.adntro.com\/<\/a>\u00a0(en adelante la \u201cPlataforma\u201d) ambas titularidad de ADNTRO GENETICS (en adelante \u201c<strong>ADNTRO<\/strong>\u201d). <strong>ADNTRO <\/strong>es una compa\u00f1\u00eda de nacionalidad espa\u00f1ola con domicilio social en Colonia de Sant Pere, Finca Es pinaret, C.P. 07579, Art\u00e0, ILLES BALEARS, Espa\u00f1a, con N.I.F B01663657, inscrita en el Registro Mercantil de Registro Mercantil de Palma de Mallorca, al tomo 2.859 de la secci\u00f3n 8 del Libro de Sociedades, folio 47, hoja PM-89045, inscripci\u00f3n 1a.<\/p>\n\n\n\n<p><strong>Puede ponerse en contacto con ADNTRO en<\/strong>:<\/p>\n\n\n\n<ul class=\"wp-block-list\"><li>Correo electr\u00f3nico: <a href=\"mailto:hello@adntro.com\">hello@adntro.com<\/a><\/li><li>Tel\u00e9fono: &nbsp;+34 971508765<\/li><\/ul>\n\n\n\n<h3 class=\"wp-block-heading\">Uso del sitio web<\/h3>\n\n\n\n<p>Al acceder y utilizar el Sitio y la Plataforma se adquiere la condici\u00f3n de \u201c<strong>Usuario<\/strong>\u201d, lo cual implica la plena aceptaci\u00f3n de todas las disposiciones del presente Aviso Legal y del resto de los \u00abTextos Legales\u00bb incluyendo el presente Aviso Legal, los <a href=\"https:\/\/adntro.com\/terminos-y-condiciones\/\">T\u00e9rminos y Condiciones<\/a>, la <a href=\"https:\/\/adntro.com\/politica-de-privacidad\/\">Pol\u00edtica de Privacidad<\/a> y <a href=\"https:\/\/adntro.com\/politica-de-cookies\/\">la Pol\u00edtica de Cookies<\/a>.<\/p>\n\n\n\n<h3 class=\"wp-block-heading\">Compras y precios<\/h3>\n\n\n\n<p>Para adquirir los productos y servicios ofrecidos por <strong>ADNTRO <\/strong>a trav\u00e9s del Sitio y la Plataforma, as\u00ed como la consulta de las condiciones de los servicios prestados, el Usuario puede acceder a toda la informaci\u00f3n contenida en los\u00a0<a href=\"https:\/\/adntro.com\/terminos-y-condiciones\/\">T\u00e9rminos y Condiciones<\/a>.<\/p>\n\n\n\n<p>Los precios expresado ser\u00e1 indicados en \u20ac (euros) e incluyen el impuesto al valor agregado.<\/p>\n\n\n\n<h3 class=\"wp-block-heading\">Privacidad<\/h3>\n\n\n\n<p>Se informa a los Usuarios que todos los datos suministrados a <strong>ADNTRO <\/strong>ser\u00e1n tratados por <strong>ADNTRO <\/strong>como responsable de tratamiento, respetando la confidencialidad, integridad y disponibilidad de los datos personales, de acuerdo con <a href=\"https:\/\/adntro.com\/politica-de-privacidad\/\">la Pol\u00edtica de Privacidad<\/a>.<\/p>\n\n\n\n<h3 class=\"wp-block-heading\">Cookies<\/h3>\n\n\n\n<p>El uso de cookies en el Sitio se regular\u00e1 en la <a href=\"https:\/\/adntro.com\/politica-de-cookies\/\">Pol\u00edtica de Cookies<\/a>.<\/p>\n\n\n\n<h3 class=\"wp-block-heading\">Propiedad Industrial e Intelectual<\/h3>\n\n\n\n<p>Para obtener m\u00e1s informaci\u00f3n, consulte nuestros <a href=\"https:\/\/adntro.com\/terminos-y-condiciones\/\">T\u00e9rminos y Condiciones<\/a>.<\/p>\n\n\n\n<h3 class=\"wp-block-heading\">Responsabilidad<\/h3>\n\n\n\n<p>Para obtener m\u00e1s informaci\u00f3n sobre la responsabilidad de ADNTRO, consulte nuestros <a href=\"https:\/\/adntro.com\/terminos-y-condiciones\/\">T\u00e9rminos y Condiciones<\/a>.<\/p>\n\n\n\n<h3 class=\"wp-block-heading\">Modificaciones<\/h3>\n\n\n\n<p>Para obtener m\u00e1s informaci\u00f3n sobre las modificaciones, consulte nuestros <a href=\"https:\/\/adntro.com\/terminos-y-condiciones\/\">T\u00e9rminos y Condicione<\/a><strong><a href=\"https:\/\/adntro.com\/terminos-y-condiciones\/\">s<\/a><\/strong>.<\/p>\n","protected":false},"excerpt":{"rendered":"<p>Qui\u00e9nes somos Usted est\u00e1 accediendo al sitio web http:\/\/adntro.com\/ \u00a0(en adelante en \u201cSitio\u201d)\u00a0y la plataforma web https:\/\/app.adntro.com\/\u00a0(en adelante la \u201cPlataforma\u201d) ambas titularidad de ADNTRO GENETICS (en adelante \u201cADNTRO\u201d). ADNTRO es una compa\u00f1\u00eda de nacionalidad espa\u00f1ola con domicilio social en Colonia de Sant Pere, Finca Es pinaret, C.P. 07579, Art\u00e0, ILLES BALEARS, Espa\u00f1a, con N.I.F B01663657, [&hellip;]<\/p>\n","protected":false},"author":2,"featured_media":0,"parent":0,"menu_order":0,"comment_status":"closed","ping_status":"closed","template":"","meta":{"footnotes":""},"class_list":["post-244","page","type-page","status-publish","hentry"],"yoast_head":"<!-- This site is optimized with the Yoast SEO plugin v22.0 - https:\/\/yoast.com\/wordpress\/plugins\/seo\/ -->\n<title>Consulta el Aviso Legal de ADNTRO | ADNTRO<\/title>\n<meta name=\"robots\" content=\"noindex, follow\" \/>\n<meta property=\"og:locale\" content=\"es_ES\" \/>\n<meta property=\"og:type\" content=\"article\" \/>\n<meta property=\"og:title\" content=\"Consulta el Aviso Legal de ADNTRO | ADNTRO\" \/>\n<meta property=\"og:description\" content=\"Qui\u00e9nes somos Usted est\u00e1 accediendo al sitio web http:\/\/adntro.com\/ \u00a0(en adelante en \u201cSitio\u201d)\u00a0y la plataforma web https:\/\/app.adntro.com\/\u00a0(en adelante la \u201cPlataforma\u201d) ambas titularidad de ADNTRO GENETICS (en adelante \u201cADNTRO\u201d). ADNTRO es una compa\u00f1\u00eda de nacionalidad espa\u00f1ola con domicilio social en Colonia de Sant Pere, Finca Es pinaret, C.P. 07579, Art\u00e0, ILLES BALEARS, Espa\u00f1a, con N.I.F B01663657, [&hellip;]\" \/>\n<meta property=\"og:url\" content=\"https:\/\/adntro.com\/es\/aviso-legal\/\" \/>\n<meta property=\"og:site_name\" content=\"ADNTRO\" \/>\n<meta property=\"article:publisher\" content=\"https:\/\/www.facebook.com\/ADNTROSPAIN\/\" \/>\n<meta property=\"article:modified_time\" content=\"2022-08-03T18:05:31+00:00\" \/>\n<meta name=\"twitter:card\" content=\"summary_large_image\" \/>\n<meta name=\"twitter:site\" content=\"@adntrospain\" \/>\n<meta name=\"twitter:label1\" content=\"Tiempo de lectura\" \/>\n\t<meta name=\"twitter:data1\" content=\"2 minutos\" \/>\n<script type=\"application\/ld+json\" class=\"yoast-schema-graph\">{\"@context\":\"https:\/\/schema.org\",\"@graph\":[{\"@type\":\"WebPage\",\"@id\":\"https:\/\/adntro.com\/en\/legal-warning\/\",\"url\":\"https:\/\/adntro.com\/aviso-legal\/\",\"name\":\"Consulta el Aviso Legal de ADNTRO | ADNTRO\",\"isPartOf\":{\"@id\":\"https:\/\/adntro.com\/es\/#website\"},\"datePublished\":\"2021-08-10T18:30:37+00:00\",\"dateModified\":\"2022-08-03T18:05:31+00:00\",\"breadcrumb\":{\"@id\":\"https:\/\/adntro.com\/aviso-legal\/#breadcrumb\"},\"inLanguage\":\"es\",\"potentialAction\":[{\"@type\":\"ReadAction\",\"target\":[\"https:\/\/adntro.com\/aviso-legal\/\"]}]},{\"@type\":\"BreadcrumbList\",\"@id\":\"https:\/\/adntro.com\/aviso-legal\/#breadcrumb\",\"itemListElement\":[{\"@type\":\"ListItem\",\"position\":1,\"name\":\"Home\",\"item\":\"https:\/\/adntro.com\/de\/\"},{\"@type\":\"ListItem\",\"position\":2,\"name\":\"Aviso Legal\"}]},{\"@type\":\"WebSite\",\"@id\":\"https:\/\/adntro.com\/es\/#website\",\"url\":\"https:\/\/adntro.com\/es\/\",\"name\":\"ADNTRO\",\"description\":\"Gen\u00e9tica, salud, nutrici\u00f3n\",\"publisher\":{\"@id\":\"https:\/\/adntro.com\/es\/#organization\"},\"potentialAction\":[{\"@type\":\"SearchAction\",\"target\":{\"@type\":\"EntryPoint\",\"urlTemplate\":\"https:\/\/adntro.com\/es\/?s={search_term_string}\"},\"query-input\":\"required name=search_term_string\"}],\"inLanguage\":\"es\"},{\"@type\":\"Organization\",\"@id\":\"https:\/\/adntro.com\/es\/#organization\",\"name\":\"ADNTRO Genetics\",\"url\":\"https:\/\/adntro.com\/es\/\",\"logo\":{\"@type\":\"ImageObject\",\"inLanguage\":\"es\",\"@id\":\"https:\/\/adntro.com\/es\/#\/schema\/logo\/image\/\",\"url\":\"https:\/\/adntro.com\/wp-content\/uploads\/2021\/08\/android-chrome-512x512-2.png\",\"contentUrl\":\"https:\/\/adntro.com\/wp-content\/uploads\/2021\/08\/android-chrome-512x512-2.png\",\"width\":512,\"height\":512,\"caption\":\"ADNTRO Genetics\"},\"image\":{\"@id\":\"https:\/\/adntro.com\/es\/#\/schema\/logo\/image\/\"},\"sameAs\":[\"https:\/\/www.facebook.com\/ADNTROSPAIN\/\",\"https:\/\/twitter.com\/adntrospain\",\"https:\/\/www.instagram.com\/adntro_\/\",\"https:\/\/www.pinterest.es\/ADNTRO_TEAM\/_saved\/\"]}]}<\/script>\n<!-- \/ Yoast SEO plugin. -->","yoast_head_json":{"title":"Consulta el Aviso Legal de ADNTRO | ADNTRO","robots":{"index":"noindex","follow":"follow"},"og_locale":"es_ES","og_type":"article","og_title":"Consulta el Aviso Legal de ADNTRO | ADNTRO","og_description":"Qui\u00e9nes somos Usted est\u00e1 accediendo al sitio web http:\/\/adntro.com\/ \u00a0(en adelante en \u201cSitio\u201d)\u00a0y la plataforma web https:\/\/app.adntro.com\/\u00a0(en adelante la \u201cPlataforma\u201d) ambas titularidad de ADNTRO GENETICS (en adelante \u201cADNTRO\u201d). ADNTRO es una compa\u00f1\u00eda de nacionalidad espa\u00f1ola con domicilio social en Colonia de Sant Pere, Finca Es pinaret, C.P. 07579, Art\u00e0, ILLES BALEARS, Espa\u00f1a, con N.I.F B01663657, [&hellip;]","og_url":"https:\/\/adntro.com\/es\/aviso-legal\/","og_site_name":"ADNTRO","article_publisher":"https:\/\/www.facebook.com\/ADNTROSPAIN\/","article_modified_time":"2022-08-03T18:05:31+00:00","twitter_card":"summary_large_image","twitter_site":"@adntrospain","twitter_misc":{"Tiempo de lectura":"2 minutos"},"schema":{"@context":"https:\/\/schema.org","@graph":[{"@type":"WebPage","@id":"https:\/\/adntro.com\/en\/legal-warning\/","url":"https:\/\/adntro.com\/aviso-legal\/","name":"Consulta el Aviso Legal de ADNTRO | ADNTRO","isPartOf":{"@id":"https:\/\/adntro.com\/es\/#website"},"datePublished":"2021-08-10T18:30:37+00:00","dateModified":"2022-08-03T18:05:31+00:00","breadcrumb":{"@id":"https:\/\/adntro.com\/aviso-legal\/#breadcrumb"},"inLanguage":"es","potentialAction":[{"@type":"ReadAction","target":["https:\/\/adntro.com\/aviso-legal\/"]}]},{"@type":"BreadcrumbList","@id":"https:\/\/adntro.com\/aviso-legal\/#breadcrumb","itemListElement":[{"@type":"ListItem","position":1,"name":"Home","item":"https:\/\/adntro.com\/de\/"},{"@type":"ListItem","position":2,"name":"Aviso Legal"}]},{"@type":"WebSite","@id":"https:\/\/adntro.com\/es\/#website","url":"https:\/\/adntro.com\/es\/","name":"ADNTRO","description":"Gen\u00e9tica, salud, nutrici\u00f3n","publisher":{"@id":"https:\/\/adntro.com\/es\/#organization"},"potentialAction":[{"@type":"SearchAction","target":{"@type":"EntryPoint","urlTemplate":"https:\/\/adntro.com\/es\/?s={search_term_string}"},"query-input":"required name=search_term_string"}],"inLanguage":"es"},{"@type":"Organization","@id":"https:\/\/adntro.com\/es\/#organization","name":"ADNTRO Genetics","url":"https:\/\/adntro.com\/es\/","logo":{"@type":"ImageObject","inLanguage":"es","@id":"https:\/\/adntro.com\/es\/#\/schema\/logo\/image\/","url":"https:\/\/adntro.com\/wp-content\/uploads\/2021\/08\/android-chrome-512x512-2.png","contentUrl":"https:\/\/adntro.com\/wp-content\/uploads\/2021\/08\/android-chrome-512x512-2.png","width":512,"height":512,"caption":"ADNTRO Genetics"},"image":{"@id":"https:\/\/adntro.com\/es\/#\/schema\/logo\/image\/"},"sameAs":["https:\/\/www.facebook.com\/ADNTROSPAIN\/","https:\/\/twitter.com\/adntrospain","https:\/\/www.instagram.com\/adntro_\/","https:\/\/www.pinterest.es\/ADNTRO_TEAM\/_saved\/"]}]}},"_links":{"self":[{"href":"https:\/\/adntro.com\/es\/wp-json\/wp\/v2\/pages\/244","targetHints":{"allow":["GET"]}}],"collection":[{"href":"https:\/\/adntro.com\/es\/wp-json\/wp\/v2\/pages"}],"about":[{"href":"https:\/\/adntro.com\/es\/wp-json\/wp\/v2\/types\/page"}],"author":[{"embeddable":true,"href":"https:\/\/adntro.com\/es\/wp-json\/wp\/v2\/users\/2"}],"replies":[{"embeddable":true,"href":"https:\/\/adntro.com\/es\/wp-json\/wp\/v2\/comments?post=244"}],"version-history":[{"count":12,"href":"https:\/\/adntro.com\/es\/wp-json\/wp\/v2\/pages\/244\/revisions"}],"predecessor-version":[{"id":7118,"href":"https:\/\/adntro.com\/es\/wp-json\/wp\/v2\/pages\/244\/revisions\/7118"}],"wp:attachment":[{"href":"https:\/\/adntro.com\/es\/wp-json\/wp\/v2\/media?parent=244"}],"curies":[{"name":"wp","href":"https:\/\/api.w.org\/{rel}","templated":true}]}}