{"id":244,"date":"2021-08-10T20:30:37","date_gmt":"2021-08-10T18:30:37","guid":{"rendered":"https:\/\/adntro.com\/?page_id=244"},"modified":"2022-08-03T20:05:31","modified_gmt":"2022-08-03T18:05:31","slug":"aviso-legal","status":"publish","type":"page","link":"https:\/\/adntro.com\/en\/legal-warning\/","title":{"rendered":"Legal warning"},"content":{"rendered":"<h3 class=\"wp-block-heading\">Who we are<\/h3>\n\n\n\n<p class=\" translation-block\">You are accessing the website (hereinafter the \"Site\") and the web platform <a href=\"https:\/\/www.google.com\/url?q=https:\/\/app.adntro.com\/&amp;sa=D&amp;source=editors&amp;ust=1659551543859576&amp;usg=AOvVaw1N7_20ZdR8LNpms2296YoG\">https:\/\/app.adntro.com\/<\/a>&nbsp;(hereinafter the \"Platform\") both owned by ADNTRO GENETICS (hereinafter \"ADNTRO\"). ADNTRO is a Spanish company with registered office in Colonia de Sant Pere, Finca Es pinaret, C.P. 07579, Art&agrave;, ILLES BALEARS, Spain, with N.I.F B01663657, registered in the Mercantile Register of Palma de Mallorca, in volume 2.859 of section 8 of the Companies Book, folio 47, page PM-89045, inscription 1a.<\/p>\n\n\n\n<p><strong>You can contact ADNTRO at<\/strong>:<\/p>\n\n\n\n<ul class=\"wp-block-list\"><li>E-mail: <a href=\"mailto:hello@adntro.com\">hello@adntro.com<\/a><\/li><li>Phone: +34 971508765<\/li><\/ul>\n\n\n\n<h3 class=\"wp-block-heading\">Use of the Site and Platform<\/h3>\n\n\n\n<p>By accessing and using the Site and the Platform you acquire the status of<strong>\"User\",<\/strong>which implies full acceptance of all the provisions of this Legal Notice and the rest of the \"Legal Texts\" including this Legal Notice, the \"Legal Notice\", the \"Legal Notice\", the \"Legal Notice\" and the \"Legal Notice\". <a href=\"https:\/\/adntro.com\/en\/terms-and-conditions\/\">Terms and Conditions<\/a>, of <a href=\"https:\/\/adntro.com\/en\/privacy-policy-terms\/\">Privacy Policy<\/a> and <a href=\"https:\/\/adntro.com\/en\/cookies-policy\/\">Cookies Policy<\/a>.<\/p>\n\n\n\n<h3 class=\"wp-block-heading\">Purchasing and pricing<\/h3>\n\n\n\n<p>To purchase the products and services offered by <strong>ADNTRO <\/strong>through the Site and the Platform, as well as the consultation of the conditions of the services provided, the User can access all the information contained in the\u00a0<a href=\"https:\/\/adntro.com\/en\/terms-and-conditions\/\">Terms and Conditions<\/a>.<\/p>\n\n\n\n<p>The prices expressed will be indicated in \u20ac (euros) and include value added tax.<\/p>\n\n\n\n<h3 class=\"wp-block-heading\">Privacy:<\/h3>\n\n\n\n<p>Users are hereby informed that all data provided to <strong>ADNTRO <\/strong>will be processed by <strong>ADNTRO <\/strong>as data controller, respecting the confidentiality, integrity and availability of personal data, in accordance with <a href=\"https:\/\/adntro.com\/en\/privacy-policy-terms\/\">Privacy Policy<\/a>.<\/p>\n\n\n\n<h3 class=\"wp-block-heading\">cookies<\/h3>\n\n\n\n<p>The use of cookies on the Site shall be regulated in the <a href=\"https:\/\/adntro.com\/en\/cookies-policy\/\">Cookies policy<\/a>.<\/p>\n\n\n\n<h3 class=\"wp-block-heading\">Industrial and Intellectual Property<\/h3>\n\n\n\n<p>For more information, see our <a href=\"https:\/\/adntro.com\/en\/terms-and-conditions\/\">Terms and Conditions<\/a>.<\/p>\n\n\n\n<h3 class=\"wp-block-heading\">Responsibility<\/h3>\n\n\n\n<p>For more information about ADNTRO's liability, please see our <a href=\"https:\/\/adntro.com\/en\/terms-and-conditions\/\">Terms and Conditions<\/a>.<\/p>\n\n\n\n<h3 class=\"wp-block-heading\">Modifications<\/h3>\n\n\n\n<p>For more information on modifications, please see our <a href=\"https:\/\/adntro.com\/en\/terms-and-conditions\/\">Terms and Conditions<\/a><strong><a href=\"https:\/\/adntro.com\/en\/terms-and-conditions\/\">s<\/a><\/strong>.<\/p>","protected":false},"excerpt":{"rendered":"<p>About us You are accessing the website http:\/\/adntro.com\/ (hereinafter the \"Site\") and the web platform https:\/\/app.adntro.com\/ (hereinafter the \"Platform\") both owned by ADNTRO GENETICS (hereinafter \"ADNTRO\"). ADNTRO is a Spanish company with registered office in Colonia de Sant Pere, Finca Es pinaret, C.P. 07579, Art\u00e0, ILLES BALEARS, Spain, with N.I.F B01663657, [...].<\/p>","protected":false},"author":2,"featured_media":0,"parent":0,"menu_order":0,"comment_status":"closed","ping_status":"closed","template":"","meta":{"footnotes":""},"class_list":["post-244","page","type-page","status-publish","hentry"],"yoast_head":"<!-- This site is optimized with the Yoast SEO plugin v22.0 - https:\/\/yoast.com\/wordpress\/plugins\/seo\/ -->\n<title>Consulta el Aviso Legal de ADNTRO | ADNTRO<\/title>\n<meta name=\"robots\" content=\"noindex, follow\" \/>\n<meta property=\"og:locale\" content=\"en_US\" \/>\n<meta property=\"og:type\" content=\"article\" \/>\n<meta property=\"og:title\" content=\"Consulta el Aviso Legal de ADNTRO | ADNTRO\" \/>\n<meta property=\"og:description\" content=\"Qui\u00e9nes somos Usted est\u00e1 accediendo al sitio web http:\/\/adntro.com\/ \u00a0(en adelante en \u201cSitio\u201d)\u00a0y la plataforma web https:\/\/app.adntro.com\/\u00a0(en adelante la \u201cPlataforma\u201d) ambas titularidad de ADNTRO GENETICS (en adelante \u201cADNTRO\u201d). ADNTRO es una compa\u00f1\u00eda de nacionalidad espa\u00f1ola con domicilio social en Colonia de Sant Pere, Finca Es pinaret, C.P. 07579, Art\u00e0, ILLES BALEARS, Espa\u00f1a, con N.I.F B01663657, [&hellip;]\" \/>\n<meta property=\"og:url\" content=\"https:\/\/adntro.com\/en\/legal-warning\/\" \/>\n<meta property=\"og:site_name\" content=\"ADNTRO\" \/>\n<meta property=\"article:publisher\" content=\"https:\/\/www.facebook.com\/ADNTROSPAIN\/\" \/>\n<meta property=\"article:modified_time\" content=\"2022-08-03T18:05:31+00:00\" \/>\n<meta name=\"twitter:card\" content=\"summary_large_image\" \/>\n<meta name=\"twitter:site\" content=\"@adntrospain\" \/>\n<meta name=\"twitter:label1\" content=\"Est. reading time\" \/>\n\t<meta name=\"twitter:data1\" content=\"2 minutes\" \/>\n<script type=\"application\/ld+json\" class=\"yoast-schema-graph\">{\"@context\":\"https:\/\/schema.org\",\"@graph\":[{\"@type\":\"WebPage\",\"@id\":\"http:\/\/adntro.com\/es\/aviso-legal\/\",\"url\":\"https:\/\/adntro.com\/aviso-legal\/\",\"name\":\"Consulta el Aviso Legal de ADNTRO | ADNTRO\",\"isPartOf\":{\"@id\":\"https:\/\/adntro.com\/de\/#website\"},\"datePublished\":\"2021-08-10T18:30:37+00:00\",\"dateModified\":\"2022-08-03T18:05:31+00:00\",\"breadcrumb\":{\"@id\":\"https:\/\/adntro.com\/aviso-legal\/#breadcrumb\"},\"inLanguage\":\"en-US\",\"potentialAction\":[{\"@type\":\"ReadAction\",\"target\":[\"https:\/\/adntro.com\/aviso-legal\/\"]}]},{\"@type\":\"BreadcrumbList\",\"@id\":\"https:\/\/adntro.com\/aviso-legal\/#breadcrumb\",\"itemListElement\":[{\"@type\":\"ListItem\",\"position\":1,\"name\":\"Home\",\"item\":\"https:\/\/adntro.com\/es\/\"},{\"@type\":\"ListItem\",\"position\":2,\"name\":\"Aviso Legal\"}]},{\"@type\":\"WebSite\",\"@id\":\"https:\/\/adntro.com\/de\/#website\",\"url\":\"https:\/\/adntro.com\/de\/\",\"name\":\"ADNTRO\",\"description\":\"Gen\u00e9tica, salud, nutrici\u00f3n\",\"publisher\":{\"@id\":\"https:\/\/adntro.com\/de\/#organization\"},\"potentialAction\":[{\"@type\":\"SearchAction\",\"target\":{\"@type\":\"EntryPoint\",\"urlTemplate\":\"https:\/\/adntro.com\/de\/?s={search_term_string}\"},\"query-input\":\"required name=search_term_string\"}],\"inLanguage\":\"en-US\"},{\"@type\":\"Organization\",\"@id\":\"https:\/\/adntro.com\/de\/#organization\",\"name\":\"ADNTRO Genetics\",\"url\":\"https:\/\/adntro.com\/de\/\",\"logo\":{\"@type\":\"ImageObject\",\"inLanguage\":\"en-US\",\"@id\":\"https:\/\/adntro.com\/de\/#\/schema\/logo\/image\/\",\"url\":\"https:\/\/adntro.com\/wp-content\/uploads\/2021\/08\/android-chrome-512x512-2.png\",\"contentUrl\":\"https:\/\/adntro.com\/wp-content\/uploads\/2021\/08\/android-chrome-512x512-2.png\",\"width\":512,\"height\":512,\"caption\":\"ADNTRO Genetics\"},\"image\":{\"@id\":\"https:\/\/adntro.com\/de\/#\/schema\/logo\/image\/\"},\"sameAs\":[\"https:\/\/www.facebook.com\/ADNTROSPAIN\/\",\"https:\/\/twitter.com\/adntrospain\",\"https:\/\/www.instagram.com\/adntro_\/\",\"https:\/\/www.pinterest.es\/ADNTRO_TEAM\/_saved\/\"]}]}<\/script>\n<!-- \/ Yoast SEO plugin. -->","yoast_head_json":{"title":"Consulta el Aviso Legal de ADNTRO | ADNTRO","robots":{"index":"noindex","follow":"follow"},"og_locale":"en_US","og_type":"article","og_title":"Consulta el Aviso Legal de ADNTRO | ADNTRO","og_description":"Qui\u00e9nes somos Usted est\u00e1 accediendo al sitio web http:\/\/adntro.com\/ \u00a0(en adelante en \u201cSitio\u201d)\u00a0y la plataforma web https:\/\/app.adntro.com\/\u00a0(en adelante la \u201cPlataforma\u201d) ambas titularidad de ADNTRO GENETICS (en adelante \u201cADNTRO\u201d). ADNTRO es una compa\u00f1\u00eda de nacionalidad espa\u00f1ola con domicilio social en Colonia de Sant Pere, Finca Es pinaret, C.P. 07579, Art\u00e0, ILLES BALEARS, Espa\u00f1a, con N.I.F B01663657, [&hellip;]","og_url":"https:\/\/adntro.com\/en\/legal-warning\/","og_site_name":"ADNTRO","article_publisher":"https:\/\/www.facebook.com\/ADNTROSPAIN\/","article_modified_time":"2022-08-03T18:05:31+00:00","twitter_card":"summary_large_image","twitter_site":"@adntrospain","twitter_misc":{"Est. reading time":"2 minutes"},"schema":{"@context":"https:\/\/schema.org","@graph":[{"@type":"WebPage","@id":"http:\/\/adntro.com\/es\/aviso-legal\/","url":"https:\/\/adntro.com\/aviso-legal\/","name":"Consulta el Aviso Legal de ADNTRO | ADNTRO","isPartOf":{"@id":"https:\/\/adntro.com\/de\/#website"},"datePublished":"2021-08-10T18:30:37+00:00","dateModified":"2022-08-03T18:05:31+00:00","breadcrumb":{"@id":"https:\/\/adntro.com\/aviso-legal\/#breadcrumb"},"inLanguage":"en-US","potentialAction":[{"@type":"ReadAction","target":["https:\/\/adntro.com\/aviso-legal\/"]}]},{"@type":"BreadcrumbList","@id":"https:\/\/adntro.com\/aviso-legal\/#breadcrumb","itemListElement":[{"@type":"ListItem","position":1,"name":"Home","item":"https:\/\/adntro.com\/es\/"},{"@type":"ListItem","position":2,"name":"Aviso Legal"}]},{"@type":"WebSite","@id":"https:\/\/adntro.com\/de\/#website","url":"https:\/\/adntro.com\/de\/","name":"ADNTRO","description":"Gen\u00e9tica, salud, nutrici\u00f3n","publisher":{"@id":"https:\/\/adntro.com\/de\/#organization"},"potentialAction":[{"@type":"SearchAction","target":{"@type":"EntryPoint","urlTemplate":"https:\/\/adntro.com\/de\/?s={search_term_string}"},"query-input":"required name=search_term_string"}],"inLanguage":"en-US"},{"@type":"Organization","@id":"https:\/\/adntro.com\/de\/#organization","name":"ADNTRO Genetics","url":"https:\/\/adntro.com\/de\/","logo":{"@type":"ImageObject","inLanguage":"en-US","@id":"https:\/\/adntro.com\/de\/#\/schema\/logo\/image\/","url":"https:\/\/adntro.com\/wp-content\/uploads\/2021\/08\/android-chrome-512x512-2.png","contentUrl":"https:\/\/adntro.com\/wp-content\/uploads\/2021\/08\/android-chrome-512x512-2.png","width":512,"height":512,"caption":"ADNTRO Genetics"},"image":{"@id":"https:\/\/adntro.com\/de\/#\/schema\/logo\/image\/"},"sameAs":["https:\/\/www.facebook.com\/ADNTROSPAIN\/","https:\/\/twitter.com\/adntrospain","https:\/\/www.instagram.com\/adntro_\/","https:\/\/www.pinterest.es\/ADNTRO_TEAM\/_saved\/"]}]}},"_links":{"self":[{"href":"https:\/\/adntro.com\/en\/wp-json\/wp\/v2\/pages\/244","targetHints":{"allow":["GET"]}}],"collection":[{"href":"https:\/\/adntro.com\/en\/wp-json\/wp\/v2\/pages"}],"about":[{"href":"https:\/\/adntro.com\/en\/wp-json\/wp\/v2\/types\/page"}],"author":[{"embeddable":true,"href":"https:\/\/adntro.com\/en\/wp-json\/wp\/v2\/users\/2"}],"replies":[{"embeddable":true,"href":"https:\/\/adntro.com\/en\/wp-json\/wp\/v2\/comments?post=244"}],"version-history":[{"count":12,"href":"https:\/\/adntro.com\/en\/wp-json\/wp\/v2\/pages\/244\/revisions"}],"predecessor-version":[{"id":7118,"href":"https:\/\/adntro.com\/en\/wp-json\/wp\/v2\/pages\/244\/revisions\/7118"}],"wp:attachment":[{"href":"https:\/\/adntro.com\/en\/wp-json\/wp\/v2\/media?parent=244"}],"curies":[{"name":"wp","href":"https:\/\/api.w.org\/{rel}","templated":true}]}}