{"id":18616,"date":"2026-03-27T09:20:50","date_gmt":"2026-03-27T08:20:50","guid":{"rendered":"https:\/\/adntro.com\/?page_id=18616"},"modified":"2026-03-27T09:56:40","modified_gmt":"2026-03-27T08:56:40","slug":"jair-antonio-tenorio","status":"publish","type":"page","link":"https:\/\/adntro.com\/en\/autores\/jair-antonio-tenorio\/","title":{"rendered":"Jair Antonio Tenorio"},"content":{"rendered":"<div data-elementor-type=\"wp-page\" data-elementor-id=\"18616\" class=\"elementor elementor-18616\" data-elementor-post-type=\"page\">\n\t\t\t\t\t\t<section class=\"elementor-section elementor-top-section elementor-element elementor-element-f34527b elementor-section-boxed elementor-section-height-default elementor-section-height-default\" data-id=\"f34527b\" data-element_type=\"section\">\n\t\t\t\t\t\t<div class=\"elementor-container elementor-column-gap-default\">\n\t\t\t\t\t<div class=\"elementor-column elementor-col-50 elementor-top-column elementor-element elementor-element-3593960\" data-id=\"3593960\" data-element_type=\"column\">\n\t\t\t<div class=\"elementor-widget-wrap elementor-element-populated\">\n\t\t\t\t\t\t<div class=\"elementor-element elementor-element-4c604c4 elementor-widget elementor-widget-image\" data-id=\"4c604c4\" data-element_type=\"widget\" data-widget_type=\"image.default\">\n\t\t\t\t<div class=\"elementor-widget-container\">\n\t\t\t<style>\/*! elementor - v3.20.0 - 26-03-2024 *\/\n.elementor-widget-image{text-align:center}.elementor-widget-image a{display:inline-block}.elementor-widget-image a img[src$=\".svg\"]{width:48px}.elementor-widget-image img{vertical-align:middle;display:inline-block}<\/style>\t\t\t\t\t\t\t\t\t\t<img decoding=\"async\" width=\"200\" height=\"200\" src=\"https:\/\/adntro.com\/wp-content\/uploads\/2026\/03\/jair-tenorio.jpeg\" class=\"attachment-full size-full wp-image-18618\" alt=\"jair tenorio\" srcset=\"https:\/\/adntro.com\/wp-content\/uploads\/2026\/03\/jair-tenorio.jpeg 200w, https:\/\/adntro.com\/wp-content\/uploads\/2026\/03\/jair-tenorio-150x150.jpeg 150w, https:\/\/adntro.com\/wp-content\/uploads\/2026\/03\/jair-tenorio-12x12.jpeg 12w\" sizes=\"(max-width: 200px) 100vw, 200px\" \/>\t\t\t\t\t\t\t\t\t\t\t\t\t<\/div>\n\t\t\t\t<\/div>\n\t\t\t\t\t<\/div>\n\t\t<\/div>\n\t\t\t\t<div class=\"elementor-column elementor-col-50 elementor-top-column elementor-element elementor-element-7b6a629\" data-id=\"7b6a629\" data-element_type=\"column\">\n\t\t\t<div class=\"elementor-widget-wrap elementor-element-populated\">\n\t\t\t\t\t\t<div class=\"elementor-element elementor-element-53993fc elementor-widget elementor-widget-heading\" data-id=\"53993fc\" data-element_type=\"widget\" data-widget_type=\"heading.default\">\n\t\t\t\t<div class=\"elementor-widget-container\">\n\t\t\t<style>\/*! elementor - v3.20.0 - 26-03-2024 *\/\n.elementor-heading-title{padding:0;margin:0;line-height:1}.elementor-widget-heading .elementor-heading-title[class*=elementor-size-]>a{color:inherit;font-size:inherit;line-height:inherit}.elementor-widget-heading .elementor-heading-title.elementor-size-small{font-size:15px}.elementor-widget-heading .elementor-heading-title.elementor-size-medium{font-size:19px}.elementor-widget-heading .elementor-heading-title.elementor-size-large{font-size:29px}.elementor-widget-heading .elementor-heading-title.elementor-size-xl{font-size:39px}.elementor-widget-heading .elementor-heading-title.elementor-size-xxl{font-size:59px}<\/style><h1 class=\"elementor-heading-title elementor-size-default\">Jair Antonio Tenorio<\/h1>\t\t<\/div>\n\t\t\t\t<\/div>\n\t\t\t\t<div class=\"elementor-element elementor-element-1765bdf elementor-widget elementor-widget-text-editor\" data-id=\"1765bdf\" data-element_type=\"widget\" data-widget_type=\"text-editor.default\">\n\t\t\t\t<div class=\"elementor-widget-container\">\n\t\t\t<style>\/*! elementor - v3.20.0 - 26-03-2024 *\/\n.elementor-widget-text-editor.elementor-drop-cap-view-stacked .elementor-drop-cap{background-color:#69727d;color:#fff}.elementor-widget-text-editor.elementor-drop-cap-view-framed .elementor-drop-cap{color:#69727d;border:3px solid;background-color:transparent}.elementor-widget-text-editor:not(.elementor-drop-cap-view-default) .elementor-drop-cap{margin-top:8px}.elementor-widget-text-editor:not(.elementor-drop-cap-view-default) .elementor-drop-cap-letter{width:1em;height:1em}.elementor-widget-text-editor .elementor-drop-cap{float:left;text-align:center;line-height:1;font-size:50px}.elementor-widget-text-editor .elementor-drop-cap-letter{display:inline-block}<\/style>\t\t\t\t<p>LinkedIn: <a href=\"https:\/\/www.linkedin.com\/in\/jair-tenorio\/\" target=\"_blank\" rel=\"noopener\">Jair Antonio Tenorio<\/a><\/p>\t\t\t\t\t\t<\/div>\n\t\t\t\t<\/div>\n\t\t\t\t<div class=\"elementor-element elementor-element-4ead76f elementor-widget elementor-widget-text-editor\" data-id=\"4ead76f\" data-element_type=\"widget\" data-widget_type=\"text-editor.default\">\n\t\t\t\t<div class=\"elementor-widget-container\">\n\t\t\t\t\t\t\t<p><strong>CSO of ADNTRO Genetics<\/strong><\/p><p><span style=\"font-weight: 400;\">Molecular Geneticist at Hospital Universitario La Paz, CSO at ADNTRO GENETICS, CSO at BITGENETIC, and Associate Professor at Universidad CEU San Pablo, Universidad Europea, and Universidad Camilo Jos\u00e9 Cela. He holds a degree in Biology from the Autonomous University of Madrid, a Master\u2019s in Pharmacological Research, and a PhD in Molecular Biosciences. He was an Associate Professor at Stanford University School of Medicine (USA). He currently works at the Institute of Medical and Molecular Genetics (INGEMM) at Hospital Universitario La Paz and is an Associate Professor at the Faculty of Medicine of Universidad CEU San Pablo, as well as at Universidad Europea and Universidad Camilo Jos\u00e9 Cela.<\/span><\/p><p><span style=\"font-weight: 400;\">He is currently Head of the Neurogenetics, Genodermatoses, and Pulmonary Hypertension sections at INGEMM. He is involved in more than 15 national and international projects, broadly focused on studying the molecular basis of rare diseases. As a result of his research work, he has authored more than 90 publications in leading national and international journals, delivered over 100 presentations and communications at national and international conferences, and contributed chapters to several books.<\/span><\/p><p><span style=\"font-weight: 400;\">He is part of the expert committee for the innovative public procurement project of the Community of Madrid, a member of the pulmonary hypertension expert panel of the ClinGen consortium, and a member of the PAH-ICON working group of international experts in pulmonary hypertension. In addition, he is part of CIBERER and the European Reference Network for intellectual disability (ERN-ITHACA).<\/span><\/p><p><strong>Recent publications<\/strong>\u00a0<\/p><ul><li><a href=\"https:\/\/www.mdpi.com\/1422-0067\/27\/7\/2966\" target=\"_blank\" rel=\"noopener\">Enhancing Type 1 Diabetes Polygenic Risk Prediction through Neural Networks and Entropy-Derived Insights<\/a><\/li><li><a href=\"https:\/\/pubmed.ncbi.nlm.nih.gov\/41023410\/\" target=\"_blank\" rel=\"noopener\">N-terminal truncating variants in CACNB1 cause a new congenital muscular disorder<\/a><\/li><li><a href=\"https:\/\/pubmed.ncbi.nlm.nih.gov\/41751613\/\" target=\"_blank\" rel=\"noopener\">Next-Generation Sequencing Defines a Molecularly Confirmed ARPKD Core Within the Broader PKHD1-Associated Disease Spectrum<\/a><\/li><li><a href=\"https:\/\/pubmed.ncbi.nlm.nih.gov\/41866812\/\" target=\"_blank\" rel=\"noopener\">A New Patient With SPOUT1-Related Neurodevelopmental Disorder Identified by Genomic Data Re-Analysis: Novel Phenotypic Features and Literature Review<\/a><\/li><li><a href=\"https:\/\/pubmed.ncbi.nlm.nih.gov\/41767504\/\" target=\"_blank\" rel=\"noopener\">Correction: Case Report: Autosomal recessive palmoplantar keratoderma with additional bilateral hearing loss due to a pathogenic frameshift deletion in FAM83G<\/a><\/li><li><a href=\"https:\/\/pubmed.ncbi.nlm.nih.gov\/41574449\/\" target=\"_blank\" rel=\"noopener\">Chromosomal Rearrangements Identified in Three Additional Patients With Generalized Congenital Hypertrichosis With Gingival Hyperplasia Involving the 17q24.2-q24.3 Locus<\/a><\/li><li><a href=\"https:\/\/pubmed.ncbi.nlm.nih.gov\/41882294\/\" target=\"_blank\" rel=\"noopener\">Expanding the genetic burden of low-evidence genes in pulmonary arterial hypertension<\/a><\/li><\/ul><p><strong>Interviews and Presentations<\/strong><\/p><ul><li><a href=\"https:\/\/www.youtube.com\/watch?v=S9rbNujoPMo\" target=\"_blank\" rel=\"noopener\">1st International Forum on Research in Pulmonary Hypertension FCHP 2018 \u2013 JAIR TENORIO<\/a><\/li><li><a href=\"https:\/\/elpais.com\/ciencia\/2021-11-17\/el-sindrome-de-tenorio-una-enfermedad-nueva-con-21-pacientes-conocidos.html\" target=\"_blank\" rel=\"noopener\">Tenorio syndrome: a newly identified disease with 21 known patients<\/a><\/li><li><a href=\"https:\/\/www.conhipertensionpulmonar.com\/tag\/dr-jair-tenorio\/\" target=\"_blank\" rel=\"noopener\">RECORDAMOS EL XI ANIVERSARIO DE LA FUNDACI\u00d3N CONTRA LA HIPERTENSI\u00d3N PULMONAR<\/a><\/li><\/ul>\t\t\t\t\t\t<\/div>\n\t\t\t\t<\/div>\n\t\t\t\t\t<\/div>\n\t\t<\/div>\n\t\t\t\t\t<\/div>\n\t\t<\/section>\n\t\t\t\t<section class=\"elementor-section elementor-top-section elementor-element elementor-element-bb8cd46 elementor-section-boxed elementor-section-height-default elementor-section-height-default\" data-id=\"bb8cd46\" data-element_type=\"section\">\n\t\t\t\t\t\t<div class=\"elementor-container elementor-column-gap-default\">\n\t\t\t\t\t<div class=\"elementor-column elementor-col-100 elementor-top-column elementor-element elementor-element-659f7b6\" data-id=\"659f7b6\" data-element_type=\"column\">\n\t\t\t<div class=\"elementor-widget-wrap elementor-element-populated\">\n\t\t\t\t\t\t<div class=\"elementor-element elementor-element-dfe0d0c premium-blog-align-left elementor-widget elementor-widget-premium-addon-blog\" data-id=\"dfe0d0c\" data-element_type=\"widget\" data-settings=\"{&quot;premium_blog_columns_number&quot;:&quot;33.33%&quot;,&quot;premium_blog_grid&quot;:&quot;yes&quot;,&quot;premium_blog_layout&quot;:&quot;even&quot;,&quot;premium_blog_columns_number_tablet&quot;:&quot;50%&quot;,&quot;premium_blog_columns_number_mobile&quot;:&quot;100%&quot;,&quot;scroll_to_offset&quot;:&quot;yes&quot;}\" data-widget_type=\"premium-addon-blog.default\">\n\t\t\t\t<div class=\"elementor-widget-container\">\n\t\t\t\r\n\t\t\t\t<div class=\"premium-blog-wrap  premium-blog-even\" data-page=\"18616\">\r\n\t\t\t\t\t<div class=\"premium-blog-post-outer-container\" data-total=\"1\">\r\n\t\t\t<div class=\"premium-blog-post-container premium-blog-skin-classic\">\r\n\t\t\t\t\t\t\t\t\t<div class=\"premium-blog-thumb-effect-wrapper\">\r\n\t\t\t\t\t\t<div class=\"premium-blog-thumbnail-container premium-blog-zoomin-effect\">\r\n\t\t\t\t\t\t\t<img fetchpriority=\"high\" decoding=\"async\" width=\"1961\" height=\"1283\" src=\"https:\/\/adntro.com\/wp-content\/uploads\/2022\/12\/tipos-metabolizadores.png\" class=\"attachment-full size-full wp-image-9269\" alt=\"types-metabolizers\" srcset=\"https:\/\/adntro.com\/wp-content\/uploads\/2022\/12\/tipos-metabolizadores.png 1961w, https:\/\/adntro.com\/wp-content\/uploads\/2022\/12\/tipos-metabolizadores-300x196.png 300w, https:\/\/adntro.com\/wp-content\/uploads\/2022\/12\/tipos-metabolizadores-1024x670.png 1024w, https:\/\/adntro.com\/wp-content\/uploads\/2022\/12\/tipos-metabolizadores-768x502.png 768w, https:\/\/adntro.com\/wp-content\/uploads\/2022\/12\/tipos-metabolizadores-1536x1005.png 1536w, https:\/\/adntro.com\/wp-content\/uploads\/2022\/12\/tipos-metabolizadores-18x12.png 18w\" sizes=\"(max-width: 1961px) 100vw, 1961px\" \/>\t\t\t\t\t\t<\/div>\r\n\t\t\t\t\t\t\t\t\t\t\t\t\t<div class=\"premium-blog-thumbnail-overlay\">\r\n\t\t\t\t\t\t\t\t<a class=\"elementor-icon\" href=\"https:\/\/adntro.com\/en\/blog\/pharmacogenetics-pharmacogenomics\/cpic\/\" target=\"_blank\" aria-hidden=\"true\"><span>Clinical recommendations in pharmacogenetics<\/span><\/a>\r\n\t\t\t\t\t\t\t<\/div>\r\n\r\n\t\t\t\t\t\t\t\t\t\t\t\t\t\t\t\t\t\t<\/div>\r\n\t\t\t\t\t\t\t\t\t\t\t\t<div class=\"premium-blog-content-wrapper\">\r\n\r\n\t\t\t\t\t<div class=\"premium-blog-inner-container\">\r\n\r\n\t\t\t\t\t\t\t\t\t\t\t\t\t\t<h2 class=\"premium-blog-entry-title\">\r\n\t\t\t<a href=\"https:\/\/adntro.com\/en\/blog\/pharmacogenetics-pharmacogenomics\/cpic\/\" target=\"_blank\">\r\n\t\t\t\tClinical recommendations in pharmacogenetics\t\t\t<\/a>\r\n\t\t<\/h2>\r\n\t\t\t\t<div class=\"premium-blog-entry-meta\">\r\n\t\t\t\r\n\t\t\t\r\n\t\t\t\r\n\t\t\t\t\t<\/div>\r\n\t\t\r\n\t\t\t\t\t<\/div>\r\n\r\n\t\t\t\t\t\t\t<div class=\"premium-blob-content-inner-wrapper\">\r\n\t\t<p class=\"premium-blog-post-content\">\u00bfSab\u00edas que hoy en d\u00eda, existen muchos medicamentos para los cuales es recomendable e incluso obligatorio la realizaci\u00f3n de un estudio gen\u00e9tico? \u2026<\/p>\t\t<\/div>\r\n\t\t\t\t\t\t\t\r\n\t\t\t\t<\/div>\r\n\t\t\t<\/div>\r\n\t\t<\/div>\r\n\r\n\t\t\t\t<div class=\"premium-blog-post-outer-container\" data-total=\"1\">\r\n\t\t\t<div class=\"premium-blog-post-container premium-blog-skin-classic\">\r\n\t\t\t\t\t\t\t\t\t<div class=\"premium-blog-thumb-effect-wrapper\">\r\n\t\t\t\t\t\t<div class=\"premium-blog-thumbnail-container premium-blog-zoomin-effect\">\r\n\t\t\t\t\t\t\t<img decoding=\"async\" width=\"1024\" height=\"404\" src=\"https:\/\/adntro.com\/wp-content\/uploads\/2021\/08\/Medicamentos-biomarcador-genetico-FDA-1024x404-1.jpg\" class=\"attachment-full size-full wp-image-3462\" alt=\"Genetic biomarker\" srcset=\"https:\/\/adntro.com\/wp-content\/uploads\/2021\/08\/Medicamentos-biomarcador-genetico-FDA-1024x404-1.jpg 1024w, https:\/\/adntro.com\/wp-content\/uploads\/2021\/08\/Medicamentos-biomarcador-genetico-FDA-1024x404-1-300x118.jpg 300w, https:\/\/adntro.com\/wp-content\/uploads\/2021\/08\/Medicamentos-biomarcador-genetico-FDA-1024x404-1-768x303.jpg 768w, https:\/\/adntro.com\/wp-content\/uploads\/2021\/08\/Medicamentos-biomarcador-genetico-FDA-1024x404-1-18x7.jpg 18w\" sizes=\"(max-width: 1024px) 100vw, 1024px\" \/>\t\t\t\t\t\t<\/div>\r\n\t\t\t\t\t\t\t\t\t\t\t\t\t<div class=\"premium-blog-thumbnail-overlay\">\r\n\t\t\t\t\t\t\t\t<a class=\"elementor-icon\" href=\"https:\/\/adntro.com\/en\/blog\/pharmacogenetics-pharmacogenomics\/what-is-pharmacogenetics-2\/\" target=\"_blank\" aria-hidden=\"true\"><span>What is pharmacogenetics and what are its applications<\/span><\/a>\r\n\t\t\t\t\t\t\t<\/div>\r\n\r\n\t\t\t\t\t\t\t\t\t\t\t\t\t\t\t\t\t\t<\/div>\r\n\t\t\t\t\t\t\t\t\t\t\t\t<div class=\"premium-blog-content-wrapper\">\r\n\r\n\t\t\t\t\t<div class=\"premium-blog-inner-container\">\r\n\r\n\t\t\t\t\t\t\t\t\t\t\t\t\t\t<h2 class=\"premium-blog-entry-title\">\r\n\t\t\t<a href=\"https:\/\/adntro.com\/en\/blog\/pharmacogenetics-pharmacogenomics\/what-is-pharmacogenetics-2\/\" target=\"_blank\">\r\n\t\t\t\tWhat is pharmacogenetics and what are its applications\t\t\t<\/a>\r\n\t\t<\/h2>\r\n\t\t\t\t<div class=\"premium-blog-entry-meta\">\r\n\t\t\t\r\n\t\t\t\r\n\t\t\t\r\n\t\t\t\t\t<\/div>\r\n\t\t\r\n\t\t\t\t\t<\/div>\r\n\r\n\t\t\t\t\t\t\t<div class=\"premium-blob-content-inner-wrapper\">\r\n\t\t<p class=\"premium-blog-post-content\">La medicina gen\u00f3mica&nbsp;es la disciplina que estudia los cambios en nuestro ADN y su asociaci\u00f3n con la susceptibilidad a desarrollar enfermedades, infecciones, \u2026<\/p>\t\t<\/div>\r\n\t\t\t\t\t\t\t\r\n\t\t\t\t<\/div>\r\n\t\t\t<\/div>\r\n\t\t<\/div>\r\n\r\n\t\t\t\t<div class=\"premium-blog-post-outer-container\" data-total=\"1\">\r\n\t\t\t<div class=\"premium-blog-post-container premium-blog-skin-classic\">\r\n\t\t\t\t\t\t\t\t\t<div class=\"premium-blog-thumb-effect-wrapper\">\r\n\t\t\t\t\t\t<div class=\"premium-blog-thumbnail-container premium-blog-zoomin-effect\">\r\n\t\t\t\t\t\t\t<img loading=\"lazy\" decoding=\"async\" width=\"395\" height=\"196\" src=\"https:\/\/adntro.com\/wp-content\/uploads\/2021\/08\/ubiquitinacion-proteosoma.png\" class=\"attachment-full size-full wp-image-3380\" alt=\"How common are rare diseases\" srcset=\"https:\/\/adntro.com\/wp-content\/uploads\/2021\/08\/ubiquitinacion-proteosoma.png 395w, https:\/\/adntro.com\/wp-content\/uploads\/2021\/08\/ubiquitinacion-proteosoma-300x149.png 300w, https:\/\/adntro.com\/wp-content\/uploads\/2021\/08\/ubiquitinacion-proteosoma-18x9.png 18w\" sizes=\"(max-width: 395px) 100vw, 395px\" \/>\t\t\t\t\t\t<\/div>\r\n\t\t\t\t\t\t\t\t\t\t\t\t\t<div class=\"premium-blog-thumbnail-overlay\">\r\n\t\t\t\t\t\t\t\t<a class=\"elementor-icon\" href=\"https:\/\/adntro.com\/en\/blog\/genetic-curiosities\/how-often-are-rare-diseases\/\" target=\"_blank\" aria-hidden=\"true\"><span>How common are rare diseases?<\/span><\/a>\r\n\t\t\t\t\t\t\t<\/div>\r\n\r\n\t\t\t\t\t\t\t\t\t\t\t\t\t\t\t\t\t\t<\/div>\r\n\t\t\t\t\t\t\t\t\t\t\t\t<div class=\"premium-blog-content-wrapper\">\r\n\r\n\t\t\t\t\t<div class=\"premium-blog-inner-container\">\r\n\r\n\t\t\t\t\t\t\t\t\t\t\t\t\t\t<h2 class=\"premium-blog-entry-title\">\r\n\t\t\t<a href=\"https:\/\/adntro.com\/en\/blog\/genetic-curiosities\/how-often-are-rare-diseases\/\" target=\"_blank\">\r\n\t\t\t\tHow common are rare diseases?\t\t\t<\/a>\r\n\t\t<\/h2>\r\n\t\t\t\t<div class=\"premium-blog-entry-meta\">\r\n\t\t\t\r\n\t\t\t\r\n\t\t\t\r\n\t\t\t\t\t<\/div>\r\n\t\t\r\n\t\t\t\t\t<\/div>\r\n\r\n\t\t\t\t\t\t\t<div class=\"premium-blob-content-inner-wrapper\">\r\n\t\t<p class=\"premium-blog-post-content\">Como sabemos, los genes contienen la informaci\u00f3n para la fabricaci\u00f3n de todas las prote\u00ednas de nuestro organismo. De entre ellas, existen unas \u2026<\/p>\t\t<\/div>\r\n\t\t\t\t\t\t\t\r\n\t\t\t\t<\/div>\r\n\t\t\t<\/div>\r\n\t\t<\/div>\r\n\r\n\t\t\t\t<\/div>\r\n\r\n\t\t\t\t<\/div>\n\t\t\t\t<\/div>\n\t\t\t\t\t<\/div>\n\t\t<\/div>\n\t\t\t\t\t<\/div>\n\t\t<\/section>\n\t\t\t\t<\/div>","protected":false},"excerpt":{"rendered":"<p>Jair Antonio Tenorio LinkedIn: Jair Antonio Tenorio CSO de ADNTRO Genetics Genetista Molecular en Hospital Universitario La Paz, CSO en ADNTRO GENETICS, CSO en BITGENETIC y profesor asociado Universidad CEU San Pablo, Universidad Europea y Universidad Camilo Jos\u00e9 Cela. Licenciado en Biolog\u00eda por la Universidad Aut\u00f3noma de Madrid, con m\u00e1ster en Investigaciones farmacol\u00f3gicas y doctor [&hellip;]<\/p>","protected":false},"author":17,"featured_media":0,"parent":18533,"menu_order":0,"comment_status":"closed","ping_status":"closed","template":"elementor_header_footer","meta":{"footnotes":""},"class_list":["post-18616","page","type-page","status-publish","hentry"],"yoast_head":"<!-- This site is optimized with the Yoast SEO plugin v22.0 - https:\/\/yoast.com\/wordpress\/plugins\/seo\/ -->\n<title>Jair Antonio Tenorio<\/title>\n<meta name=\"description\" content=\"Jair Antonio Tenorio: Genetista Molecular en Hospital Universitario La Paz, CSO en ADNTRO Genetics, CSO and co-Founder en BITGENETIC.\" \/>\n<meta name=\"robots\" content=\"index, follow, max-snippet:-1, max-image-preview:large, max-video-preview:-1\" \/>\n<link rel=\"canonical\" href=\"https:\/\/adntro.com\/en\/autores\/jair-antonio-tenorio\/\" \/>\n<meta property=\"og:locale\" content=\"en_US\" \/>\n<meta property=\"og:type\" content=\"article\" \/>\n<meta property=\"og:title\" content=\"Jair Antonio Tenorio\" \/>\n<meta property=\"og:description\" content=\"Jair Antonio Tenorio: Genetista Molecular en Hospital Universitario La Paz, CSO en ADNTRO Genetics, CSO and co-Founder en BITGENETIC.\" \/>\n<meta property=\"og:url\" content=\"https:\/\/adntro.com\/en\/autores\/jair-antonio-tenorio\/\" \/>\n<meta property=\"og:site_name\" content=\"ADNTRO\" \/>\n<meta property=\"article:publisher\" content=\"https:\/\/www.facebook.com\/ADNTROSPAIN\/\" \/>\n<meta property=\"article:modified_time\" content=\"2026-03-27T08:56:40+00:00\" \/>\n<meta property=\"og:image\" content=\"https:\/\/adntro.com\/wp-content\/uploads\/2026\/03\/jair-tenorio.jpeg\" \/>\n<meta name=\"twitter:card\" content=\"summary_large_image\" \/>\n<meta name=\"twitter:site\" content=\"@adntrospain\" \/>\n<meta name=\"twitter:label1\" content=\"Est. reading time\" \/>\n\t<meta name=\"twitter:data1\" content=\"4 minutes\" \/>\n<script type=\"application\/ld+json\" class=\"yoast-schema-graph\">{\"@context\":\"https:\/\/schema.org\",\"@graph\":[{\"@type\":\"WebPage\",\"@id\":\"https:\/\/adntro.com\/es\/autores\/jair-antonio-tenorio\/\",\"url\":\"https:\/\/adntro.com\/es\/autores\/jair-antonio-tenorio\/\",\"name\":\"Jair Antonio Tenorio\",\"isPartOf\":{\"@id\":\"https:\/\/adntro.com\/de\/#website\"},\"datePublished\":\"2026-03-27T08:20:50+00:00\",\"dateModified\":\"2026-03-27T08:56:40+00:00\",\"description\":\"Jair Antonio Tenorio: Genetista Molecular en Hospital Universitario La Paz, CSO en ADNTRO Genetics, CSO and co-Founder en BITGENETIC.\",\"breadcrumb\":{\"@id\":\"https:\/\/adntro.com\/es\/autores\/jair-antonio-tenorio\/#breadcrumb\"},\"inLanguage\":\"en-US\",\"potentialAction\":[{\"@type\":\"ReadAction\",\"target\":[\"https:\/\/adntro.com\/es\/autores\/jair-antonio-tenorio\/\"]}]},{\"@type\":\"BreadcrumbList\",\"@id\":\"https:\/\/adntro.com\/es\/autores\/jair-antonio-tenorio\/#breadcrumb\",\"itemListElement\":[{\"@type\":\"ListItem\",\"position\":1,\"name\":\"Home\",\"item\":\"https:\/\/adntro.com\/es\/\"},{\"@type\":\"ListItem\",\"position\":2,\"name\":\"Autores\",\"item\":\"https:\/\/adntro.com\/en\/autores\/\"},{\"@type\":\"ListItem\",\"position\":3,\"name\":\"Jair Antonio Tenorio\"}]},{\"@type\":\"WebSite\",\"@id\":\"https:\/\/adntro.com\/de\/#website\",\"url\":\"https:\/\/adntro.com\/de\/\",\"name\":\"ADNTRO\",\"description\":\"Gen\u00e9tica, salud, nutrici\u00f3n\",\"publisher\":{\"@id\":\"https:\/\/adntro.com\/de\/#organization\"},\"potentialAction\":[{\"@type\":\"SearchAction\",\"target\":{\"@type\":\"EntryPoint\",\"urlTemplate\":\"https:\/\/adntro.com\/de\/?s={search_term_string}\"},\"query-input\":\"required name=search_term_string\"}],\"inLanguage\":\"en-US\"},{\"@type\":\"Organization\",\"@id\":\"https:\/\/adntro.com\/de\/#organization\",\"name\":\"ADNTRO Genetics\",\"url\":\"https:\/\/adntro.com\/de\/\",\"logo\":{\"@type\":\"ImageObject\",\"inLanguage\":\"en-US\",\"@id\":\"https:\/\/adntro.com\/de\/#\/schema\/logo\/image\/\",\"url\":\"https:\/\/adntro.com\/wp-content\/uploads\/2021\/08\/android-chrome-512x512-2.png\",\"contentUrl\":\"https:\/\/adntro.com\/wp-content\/uploads\/2021\/08\/android-chrome-512x512-2.png\",\"width\":512,\"height\":512,\"caption\":\"ADNTRO Genetics\"},\"image\":{\"@id\":\"https:\/\/adntro.com\/de\/#\/schema\/logo\/image\/\"},\"sameAs\":[\"https:\/\/www.facebook.com\/ADNTROSPAIN\/\",\"https:\/\/twitter.com\/adntrospain\",\"https:\/\/www.instagram.com\/adntro_\/\",\"https:\/\/www.pinterest.es\/ADNTRO_TEAM\/_saved\/\"]}]}<\/script>\n<!-- \/ Yoast SEO plugin. -->","yoast_head_json":{"title":"Jair Antonio Tenorio","description":"Jair Antonio Tenorio: Genetista Molecular en Hospital Universitario La Paz, CSO en ADNTRO Genetics, CSO and co-Founder en BITGENETIC.","robots":{"index":"index","follow":"follow","max-snippet":"max-snippet:-1","max-image-preview":"max-image-preview:large","max-video-preview":"max-video-preview:-1"},"canonical":"https:\/\/adntro.com\/en\/autores\/jair-antonio-tenorio\/","og_locale":"en_US","og_type":"article","og_title":"Jair Antonio Tenorio","og_description":"Jair Antonio Tenorio: Genetista Molecular en Hospital Universitario La Paz, CSO en ADNTRO Genetics, CSO and co-Founder en BITGENETIC.","og_url":"https:\/\/adntro.com\/en\/autores\/jair-antonio-tenorio\/","og_site_name":"ADNTRO","article_publisher":"https:\/\/www.facebook.com\/ADNTROSPAIN\/","article_modified_time":"2026-03-27T08:56:40+00:00","og_image":[{"url":"https:\/\/adntro.com\/wp-content\/uploads\/2026\/03\/jair-tenorio.jpeg"}],"twitter_card":"summary_large_image","twitter_site":"@adntrospain","twitter_misc":{"Est. reading time":"4 minutes"},"schema":{"@context":"https:\/\/schema.org","@graph":[{"@type":"WebPage","@id":"https:\/\/adntro.com\/es\/autores\/jair-antonio-tenorio\/","url":"https:\/\/adntro.com\/es\/autores\/jair-antonio-tenorio\/","name":"Jair Antonio Tenorio","isPartOf":{"@id":"https:\/\/adntro.com\/de\/#website"},"datePublished":"2026-03-27T08:20:50+00:00","dateModified":"2026-03-27T08:56:40+00:00","description":"Jair Antonio Tenorio: Genetista Molecular en Hospital Universitario La Paz, CSO en ADNTRO Genetics, CSO and co-Founder en BITGENETIC.","breadcrumb":{"@id":"https:\/\/adntro.com\/es\/autores\/jair-antonio-tenorio\/#breadcrumb"},"inLanguage":"en-US","potentialAction":[{"@type":"ReadAction","target":["https:\/\/adntro.com\/es\/autores\/jair-antonio-tenorio\/"]}]},{"@type":"BreadcrumbList","@id":"https:\/\/adntro.com\/es\/autores\/jair-antonio-tenorio\/#breadcrumb","itemListElement":[{"@type":"ListItem","position":1,"name":"Home","item":"https:\/\/adntro.com\/es\/"},{"@type":"ListItem","position":2,"name":"Autores","item":"https:\/\/adntro.com\/en\/autores\/"},{"@type":"ListItem","position":3,"name":"Jair Antonio Tenorio"}]},{"@type":"WebSite","@id":"https:\/\/adntro.com\/de\/#website","url":"https:\/\/adntro.com\/de\/","name":"ADNTRO","description":"Gen\u00e9tica, salud, nutrici\u00f3n","publisher":{"@id":"https:\/\/adntro.com\/de\/#organization"},"potentialAction":[{"@type":"SearchAction","target":{"@type":"EntryPoint","urlTemplate":"https:\/\/adntro.com\/de\/?s={search_term_string}"},"query-input":"required name=search_term_string"}],"inLanguage":"en-US"},{"@type":"Organization","@id":"https:\/\/adntro.com\/de\/#organization","name":"ADNTRO Genetics","url":"https:\/\/adntro.com\/de\/","logo":{"@type":"ImageObject","inLanguage":"en-US","@id":"https:\/\/adntro.com\/de\/#\/schema\/logo\/image\/","url":"https:\/\/adntro.com\/wp-content\/uploads\/2021\/08\/android-chrome-512x512-2.png","contentUrl":"https:\/\/adntro.com\/wp-content\/uploads\/2021\/08\/android-chrome-512x512-2.png","width":512,"height":512,"caption":"ADNTRO Genetics"},"image":{"@id":"https:\/\/adntro.com\/de\/#\/schema\/logo\/image\/"},"sameAs":["https:\/\/www.facebook.com\/ADNTROSPAIN\/","https:\/\/twitter.com\/adntrospain","https:\/\/www.instagram.com\/adntro_\/","https:\/\/www.pinterest.es\/ADNTRO_TEAM\/_saved\/"]}]}},"_links":{"self":[{"href":"https:\/\/adntro.com\/en\/wp-json\/wp\/v2\/pages\/18616","targetHints":{"allow":["GET"]}}],"collection":[{"href":"https:\/\/adntro.com\/en\/wp-json\/wp\/v2\/pages"}],"about":[{"href":"https:\/\/adntro.com\/en\/wp-json\/wp\/v2\/types\/page"}],"author":[{"embeddable":true,"href":"https:\/\/adntro.com\/en\/wp-json\/wp\/v2\/users\/17"}],"replies":[{"embeddable":true,"href":"https:\/\/adntro.com\/en\/wp-json\/wp\/v2\/comments?post=18616"}],"version-history":[{"count":22,"href":"https:\/\/adntro.com\/en\/wp-json\/wp\/v2\/pages\/18616\/revisions"}],"predecessor-version":[{"id":18639,"href":"https:\/\/adntro.com\/en\/wp-json\/wp\/v2\/pages\/18616\/revisions\/18639"}],"up":[{"embeddable":true,"href":"https:\/\/adntro.com\/en\/wp-json\/wp\/v2\/pages\/18533"}],"wp:attachment":[{"href":"https:\/\/adntro.com\/en\/wp-json\/wp\/v2\/media?parent=18616"}],"curies":[{"name":"wp","href":"https:\/\/api.w.org\/{rel}","templated":true}]}}