{"id":244,"date":"2021-08-10T20:30:37","date_gmt":"2021-08-10T18:30:37","guid":{"rendered":"https:\/\/adntro.com\/?page_id=244"},"modified":"2022-08-03T20:05:31","modified_gmt":"2022-08-03T18:05:31","slug":"aviso-legal","status":"publish","type":"page","link":"https:\/\/adntro.com\/de\/rechtliche-warnung\/","title":{"rendered":"Rechtlicher Hinweis"},"content":{"rendered":"<h3 class=\"wp-block-heading\">\u00dcber uns<\/h3>\n\n\n\n<p class=\" translation-block\">Sie greifen auf die Website <a href=\"https:\/\/www.google.com\/url?q=http:\/\/adntro.com&amp;sa=D&amp;source=editors&amp;ust=1659550859105410&amp;usg=AOvVaw0MGmhzHq63QrzELKiggHYC\" target=\"_self\">http:\/\/adntro.com<\/a>\/ (nachstehend die \"Website\") und die Webplattform <a href=\"https:\/\/www.google.com\/url?q=https:\/\/app.adntro.com\/&amp;sa=D&amp;source=editors&amp;ust=1659550859105845&amp;usg=AOvVaw0FV8jWw7zQP8YeRNcK7MBD\" target=\"_self\">https:\/\/app.adntro.com\/<\/a> (nachstehend die \"Plattform\") zu, die beide Eigentum von ADNTRO GENETICS (nachstehend \"ADNTRO\") sind. ADNTRO ist eine spanische Gesellschaft mit Sitz in Colonia de Sant Pere, Finca Es pinaret, C.P. 07579, Art\u00e0, ILLES BALEARS, Spanien, mit N.I.F B01663657, eingetragen im Handelsregister von Palma de Mallorca, Band 2.859, Sektion 8 des Gesellschaftsbuches, Blatt 47, Seite PM-89045, Eintragung 1a.<\/p>\n\n\n\n<p><strong>Sie k\u00f6nnen ADNTRO kontaktieren unter<\/strong>:<\/p>\n\n\n\n<ul class=\"wp-block-list\"><li>E-Mail: <a href=\"mailto:hello@adntro.com\">hallo@adntro.com<\/a><\/li><li>Telefon: +34 971508765<\/li><\/ul>\n\n\n\n<h3 class=\"wp-block-heading\">Nutzung der Website<\/h3>\n\n\n\n<p>Durch den Zugriff und die Nutzung der Website und der Plattform erwerben Sie den Status eines \"<strong>Benutzer<\/strong>Dies impliziert die vollst\u00e4ndige Annahme aller Bestimmungen dieses rechtlichen Hinweises und der \u00fcbrigen \"Rechtstexte\", einschlie\u00dflich dieses rechtlichen Hinweises, des \"rechtlichen Hinweises\", der \"Allgemeinen Gesch\u00e4ftsbedingungen\" und des \"rechtlichen Hinweises\". <a href=\"https:\/\/adntro.com\/de\/bedingungen-und-konditionen\/\">Bedingungen und Konditionen<\/a>, das <a href=\"https:\/\/adntro.com\/de\/datenschutz-bestimmungen\/\">Datenschutz-Bestimmungen<\/a> und <a href=\"https:\/\/adntro.com\/de\/cookie-richtlinie\/\">die Cookie-Richtlinie<\/a>.<\/p>\n\n\n\n<h3 class=\"wp-block-heading\">Einkaufen und Preise<\/h3>\n\n\n\n<p>Um die Produkte und Dienstleistungen zu erwerben, die von <strong>ADNTRO, <\/strong>\u00dcber die Website und die Plattform sowie \u00fcber die Abfrage der Bedingungen der angebotenen Dienste kann der Nutzer auf alle Informationen zugreifen, die in der\u00a0<a href=\"https:\/\/adntro.com\/de\/bedingungen-und-konditionen\/\">Bedingungen und Konditionen<\/a>.<\/p>\n\n\n\n<p>Die Preise sind in \u20ac (Euro) angegeben und enthalten die gesetzliche Mehrwertsteuer.<\/p>\n\n\n\n<h3 class=\"wp-block-heading\">Privatsph\u00e4re<\/h3>\n\n\n\n<p>Die Nutzer werden hiermit dar\u00fcber informiert, dass alle Daten, die sie <strong>ADNTRO, <\/strong>wird behandelt von <strong>ADNTRO, <\/strong>als f\u00fcr die Datenverarbeitung Verantwortlicher die Vertraulichkeit, Integrit\u00e4t und Verf\u00fcgbarkeit personenbezogener Daten im Einklang mit <a href=\"https:\/\/adntro.com\/de\/datenschutz-bestimmungen\/\">Datenschutzbestimmungen<\/a>.<\/p>\n\n\n\n<h3 class=\"wp-block-heading\">Kekse<\/h3>\n\n\n\n<p>Die Verwendung von Cookies auf der Website wird in der <a href=\"https:\/\/adntro.com\/de\/cookie-richtlinie\/\">Cookie-Politik<\/a>.<\/p>\n\n\n\n<h3 class=\"wp-block-heading\">Gewerbliches und geistiges Eigentum<\/h3>\n\n\n\n<p>Weitere Informationen finden Sie in unserem <a href=\"https:\/\/adntro.com\/de\/bedingungen-und-konditionen\/\">Bedingungen und Konditionen<\/a>.<\/p>\n\n\n\n<h3 class=\"wp-block-heading\">Verantwortung<\/h3>\n\n\n\n<p>Weitere Informationen \u00fcber die Haftung von ADNTRO finden Sie in unserem <a href=\"https:\/\/adntro.com\/de\/bedingungen-und-konditionen\/\">Bedingungen und Konditionen<\/a>.<\/p>\n\n\n\n<h3 class=\"wp-block-heading\">\u00c4nderungen<\/h3>\n\n\n\n<p>Weitere Informationen \u00fcber die \u00c4nderungen finden Sie in unserer <a href=\"https:\/\/adntro.com\/de\/bedingungen-und-konditionen\/\">Bedingungen und Konditionen<\/a><strong><a href=\"https:\/\/adntro.com\/de\/bedingungen-und-konditionen\/\">s<\/a><\/strong>.<\/p>","protected":false},"excerpt":{"rendered":"<p>\u00dcber uns Sie greifen auf die Website http:\/\/adntro.com\/ (nachstehend die \"Website\") und die Webplattform https:\/\/app.adntro.com\/ (nachstehend die \"Plattform\") zu, die beide Eigentum von ADNTRO GENETICS (nachstehend \"ADNTRO\") sind. ADNTRO ist ein spanisches Unternehmen mit Sitz in Colonia de Sant Pere, Finca Es pinaret, C.P. 07579, Art\u00e0, ILLES BALEARS, Spanien, mit N.I.F B01663657, [...].<\/p>","protected":false},"author":2,"featured_media":0,"parent":0,"menu_order":0,"comment_status":"closed","ping_status":"closed","template":"","meta":{"footnotes":""},"class_list":["post-244","page","type-page","status-publish","hentry"],"yoast_head":"<!-- This site is optimized with the Yoast SEO plugin v22.0 - https:\/\/yoast.com\/wordpress\/plugins\/seo\/ -->\n<title>Consulta el Aviso Legal de ADNTRO | ADNTRO<\/title>\n<meta name=\"robots\" content=\"noindex, follow\" \/>\n<meta property=\"og:locale\" content=\"de_DE\" \/>\n<meta property=\"og:type\" content=\"article\" \/>\n<meta property=\"og:title\" content=\"Consulta el Aviso Legal de ADNTRO | ADNTRO\" \/>\n<meta property=\"og:description\" content=\"Qui\u00e9nes somos Usted est\u00e1 accediendo al sitio web http:\/\/adntro.com\/ \u00a0(en adelante en \u201cSitio\u201d)\u00a0y la plataforma web https:\/\/app.adntro.com\/\u00a0(en adelante la \u201cPlataforma\u201d) ambas titularidad de ADNTRO GENETICS (en adelante \u201cADNTRO\u201d). ADNTRO es una compa\u00f1\u00eda de nacionalidad espa\u00f1ola con domicilio social en Colonia de Sant Pere, Finca Es pinaret, C.P. 07579, Art\u00e0, ILLES BALEARS, Espa\u00f1a, con N.I.F B01663657, [&hellip;]\" \/>\n<meta property=\"og:url\" content=\"https:\/\/adntro.com\/de\/rechtliche-warnung\/\" \/>\n<meta property=\"og:site_name\" content=\"ADNTRO\" \/>\n<meta property=\"article:publisher\" content=\"https:\/\/www.facebook.com\/ADNTROSPAIN\/\" \/>\n<meta property=\"article:modified_time\" content=\"2022-08-03T18:05:31+00:00\" \/>\n<meta name=\"twitter:card\" content=\"summary_large_image\" \/>\n<meta name=\"twitter:site\" content=\"@adntrospain\" \/>\n<meta name=\"twitter:label1\" content=\"Gesch\u00e4tzte Lesezeit\" \/>\n\t<meta name=\"twitter:data1\" content=\"2\u00a0Minuten\" \/>\n<script type=\"application\/ld+json\" class=\"yoast-schema-graph\">{\"@context\":\"https:\/\/schema.org\",\"@graph\":[{\"@type\":\"WebPage\",\"@id\":\"http:\/\/adntro.com\/es\/aviso-legal\/\",\"url\":\"https:\/\/adntro.com\/aviso-legal\/\",\"name\":\"Consulta el Aviso Legal de ADNTRO | ADNTRO\",\"isPartOf\":{\"@id\":\"https:\/\/adntro.com\/de\/#website\"},\"datePublished\":\"2021-08-10T18:30:37+00:00\",\"dateModified\":\"2022-08-03T18:05:31+00:00\",\"breadcrumb\":{\"@id\":\"https:\/\/adntro.com\/aviso-legal\/#breadcrumb\"},\"inLanguage\":\"de\",\"potentialAction\":[{\"@type\":\"ReadAction\",\"target\":[\"https:\/\/adntro.com\/aviso-legal\/\"]}]},{\"@type\":\"BreadcrumbList\",\"@id\":\"https:\/\/adntro.com\/aviso-legal\/#breadcrumb\",\"itemListElement\":[{\"@type\":\"ListItem\",\"position\":1,\"name\":\"Home\",\"item\":\"https:\/\/adntro.com\/en\/\"},{\"@type\":\"ListItem\",\"position\":2,\"name\":\"Aviso Legal\"}]},{\"@type\":\"WebSite\",\"@id\":\"https:\/\/adntro.com\/de\/#website\",\"url\":\"https:\/\/adntro.com\/de\/\",\"name\":\"ADNTRO\",\"description\":\"Gen\u00e9tica, salud, nutrici\u00f3n\",\"publisher\":{\"@id\":\"https:\/\/adntro.com\/de\/#organization\"},\"potentialAction\":[{\"@type\":\"SearchAction\",\"target\":{\"@type\":\"EntryPoint\",\"urlTemplate\":\"https:\/\/adntro.com\/de\/?s={search_term_string}\"},\"query-input\":\"required name=search_term_string\"}],\"inLanguage\":\"de\"},{\"@type\":\"Organization\",\"@id\":\"https:\/\/adntro.com\/de\/#organization\",\"name\":\"ADNTRO Genetics\",\"url\":\"https:\/\/adntro.com\/de\/\",\"logo\":{\"@type\":\"ImageObject\",\"inLanguage\":\"de\",\"@id\":\"https:\/\/adntro.com\/de\/#\/schema\/logo\/image\/\",\"url\":\"https:\/\/adntro.com\/wp-content\/uploads\/2021\/08\/android-chrome-512x512-2.png\",\"contentUrl\":\"https:\/\/adntro.com\/wp-content\/uploads\/2021\/08\/android-chrome-512x512-2.png\",\"width\":512,\"height\":512,\"caption\":\"ADNTRO Genetics\"},\"image\":{\"@id\":\"https:\/\/adntro.com\/de\/#\/schema\/logo\/image\/\"},\"sameAs\":[\"https:\/\/www.facebook.com\/ADNTROSPAIN\/\",\"https:\/\/twitter.com\/adntrospain\",\"https:\/\/www.instagram.com\/adntro_\/\",\"https:\/\/www.pinterest.es\/ADNTRO_TEAM\/_saved\/\"]}]}<\/script>\n<!-- \/ Yoast SEO plugin. -->","yoast_head_json":{"title":"Consulta el Aviso Legal de ADNTRO | ADNTRO","robots":{"index":"noindex","follow":"follow"},"og_locale":"de_DE","og_type":"article","og_title":"Consulta el Aviso Legal de ADNTRO | ADNTRO","og_description":"Qui\u00e9nes somos Usted est\u00e1 accediendo al sitio web http:\/\/adntro.com\/ \u00a0(en adelante en \u201cSitio\u201d)\u00a0y la plataforma web https:\/\/app.adntro.com\/\u00a0(en adelante la \u201cPlataforma\u201d) ambas titularidad de ADNTRO GENETICS (en adelante \u201cADNTRO\u201d). ADNTRO es una compa\u00f1\u00eda de nacionalidad espa\u00f1ola con domicilio social en Colonia de Sant Pere, Finca Es pinaret, C.P. 07579, Art\u00e0, ILLES BALEARS, Espa\u00f1a, con N.I.F B01663657, [&hellip;]","og_url":"https:\/\/adntro.com\/de\/rechtliche-warnung\/","og_site_name":"ADNTRO","article_publisher":"https:\/\/www.facebook.com\/ADNTROSPAIN\/","article_modified_time":"2022-08-03T18:05:31+00:00","twitter_card":"summary_large_image","twitter_site":"@adntrospain","twitter_misc":{"Gesch\u00e4tzte Lesezeit":"2\u00a0Minuten"},"schema":{"@context":"https:\/\/schema.org","@graph":[{"@type":"WebPage","@id":"http:\/\/adntro.com\/es\/aviso-legal\/","url":"https:\/\/adntro.com\/aviso-legal\/","name":"Consulta el Aviso Legal de ADNTRO | ADNTRO","isPartOf":{"@id":"https:\/\/adntro.com\/de\/#website"},"datePublished":"2021-08-10T18:30:37+00:00","dateModified":"2022-08-03T18:05:31+00:00","breadcrumb":{"@id":"https:\/\/adntro.com\/aviso-legal\/#breadcrumb"},"inLanguage":"de","potentialAction":[{"@type":"ReadAction","target":["https:\/\/adntro.com\/aviso-legal\/"]}]},{"@type":"BreadcrumbList","@id":"https:\/\/adntro.com\/aviso-legal\/#breadcrumb","itemListElement":[{"@type":"ListItem","position":1,"name":"Home","item":"https:\/\/adntro.com\/en\/"},{"@type":"ListItem","position":2,"name":"Aviso Legal"}]},{"@type":"WebSite","@id":"https:\/\/adntro.com\/de\/#website","url":"https:\/\/adntro.com\/de\/","name":"ADNTRO","description":"Gen\u00e9tica, salud, nutrici\u00f3n","publisher":{"@id":"https:\/\/adntro.com\/de\/#organization"},"potentialAction":[{"@type":"SearchAction","target":{"@type":"EntryPoint","urlTemplate":"https:\/\/adntro.com\/de\/?s={search_term_string}"},"query-input":"required name=search_term_string"}],"inLanguage":"de"},{"@type":"Organization","@id":"https:\/\/adntro.com\/de\/#organization","name":"ADNTRO Genetics","url":"https:\/\/adntro.com\/de\/","logo":{"@type":"ImageObject","inLanguage":"de","@id":"https:\/\/adntro.com\/de\/#\/schema\/logo\/image\/","url":"https:\/\/adntro.com\/wp-content\/uploads\/2021\/08\/android-chrome-512x512-2.png","contentUrl":"https:\/\/adntro.com\/wp-content\/uploads\/2021\/08\/android-chrome-512x512-2.png","width":512,"height":512,"caption":"ADNTRO Genetics"},"image":{"@id":"https:\/\/adntro.com\/de\/#\/schema\/logo\/image\/"},"sameAs":["https:\/\/www.facebook.com\/ADNTROSPAIN\/","https:\/\/twitter.com\/adntrospain","https:\/\/www.instagram.com\/adntro_\/","https:\/\/www.pinterest.es\/ADNTRO_TEAM\/_saved\/"]}]}},"_links":{"self":[{"href":"https:\/\/adntro.com\/de\/wp-json\/wp\/v2\/pages\/244","targetHints":{"allow":["GET"]}}],"collection":[{"href":"https:\/\/adntro.com\/de\/wp-json\/wp\/v2\/pages"}],"about":[{"href":"https:\/\/adntro.com\/de\/wp-json\/wp\/v2\/types\/page"}],"author":[{"embeddable":true,"href":"https:\/\/adntro.com\/de\/wp-json\/wp\/v2\/users\/2"}],"replies":[{"embeddable":true,"href":"https:\/\/adntro.com\/de\/wp-json\/wp\/v2\/comments?post=244"}],"version-history":[{"count":12,"href":"https:\/\/adntro.com\/de\/wp-json\/wp\/v2\/pages\/244\/revisions"}],"predecessor-version":[{"id":7118,"href":"https:\/\/adntro.com\/de\/wp-json\/wp\/v2\/pages\/244\/revisions\/7118"}],"wp:attachment":[{"href":"https:\/\/adntro.com\/de\/wp-json\/wp\/v2\/media?parent=244"}],"curies":[{"name":"wp","href":"https:\/\/api.w.org\/{rel}","templated":true}]}}